{"id":18288,"date":"2023-02-21T17:07:09","date_gmt":"2023-02-21T21:07:09","guid":{"rendered":"http:\/\/r-requiposmedicos.com\/?post_type=product&#038;p=18288"},"modified":"2025-12-04T22:20:23","modified_gmt":"2025-12-05T02:20:23","slug":"tubo-endotraqueal-con-balon-7-5-valemedic","status":"publish","type":"product","link":"https:\/\/r-requiposmedicos.com\/en\/tubo-endotraqueal-con-balon-7-5-valemedic\/","title":{"rendered":"Tubo Endotraqueal con Bal\u00f3n | 7.5"},"content":{"rendered":"","protected":false},"excerpt":{"rendered":"<ul class=\"ul-style check\">\n<li>Conexi\u00f3n Est\u00e1ndar de 15mm.<\/li>\n<li>Libre de L\u00e1tex<\/li>\n<li>100% PVC de Grado M\u00e9dico<\/li>\n<li>Presi\u00f3n de Inflaci\u00f3n M\u00e1xima del Bal\u00f3n: 2.5 Kpa.<\/li>\n<\/ul>\n","protected":false},"featured_media":20290,"comment_status":"open","ping_status":"closed","template":"","meta":{"bwfblock_default_font":""},"product_brand":[],"product_cat":[194],"product_tag":[222,224,223,147],"class_list":{"0":"post-18288","1":"product","2":"type-product","3":"status-publish","4":"has-post-thumbnail","6":"product_cat-anestesia-respiratoria","7":"product_tag-endotraqueal","8":"product_tag-respiratoria","9":"product_tag-tubo","10":"product_tag-valemedic","11":"ts_product_brand-valemedic","13":"first","14":"instock","15":"taxable","16":"shipping-taxable","17":"purchasable","18":"product-type-simple"},"_links":{"self":[{"href":"https:\/\/r-requiposmedicos.com\/en\/wp-json\/wp\/v2\/product\/18288","targetHints":{"allow":["GET"]}}],"collection":[{"href":"https:\/\/r-requiposmedicos.com\/en\/wp-json\/wp\/v2\/product"}],"about":[{"href":"https:\/\/r-requiposmedicos.com\/en\/wp-json\/wp\/v2\/types\/product"}],"replies":[{"embeddable":true,"href":"https:\/\/r-requiposmedicos.com\/en\/wp-json\/wp\/v2\/comments?post=18288"}],"wp:featuredmedia":[{"embeddable":true,"href":"https:\/\/r-requiposmedicos.com\/en\/wp-json\/wp\/v2\/media\/20290"}],"wp:attachment":[{"href":"https:\/\/r-requiposmedicos.com\/en\/wp-json\/wp\/v2\/media?parent=18288"}],"wp:term":[{"taxonomy":"product_brand","embeddable":true,"href":"https:\/\/r-requiposmedicos.com\/en\/wp-json\/wp\/v2\/product_brand?post=18288"},{"taxonomy":"product_cat","embeddable":true,"href":"https:\/\/r-requiposmedicos.com\/en\/wp-json\/wp\/v2\/product_cat?post=18288"},{"taxonomy":"product_tag","embeddable":true,"href":"https:\/\/r-requiposmedicos.com\/en\/wp-json\/wp\/v2\/product_tag?post=18288"}],"curies":[{"name":"wp","href":"https:\/\/api.w.org\/{rel}","templated":true}]}}