{"id":18384,"date":"2023-05-04T16:08:25","date_gmt":"2023-05-04T20:08:25","guid":{"rendered":"http:\/\/r-requiposmedicos.com\/?post_type=product&#038;p=18384"},"modified":"2025-12-03T19:31:37","modified_gmt":"2025-12-03T23:31:37","slug":"obturador-valemedic","status":"publish","type":"product","link":"https:\/\/r-requiposmedicos.com\/en\/obturador-valemedic\/","title":{"rendered":"Obturador Amarillo"},"content":{"rendered":"<section class=\"wpb-content-wrapper\"><p>[vc_row css=&#8221;.vc_custom_1695763124939{margin-top: 0px !important;margin-right: 0px !important;margin-left: 0px !important;border-top-width: 0px !important;border-right-width: 0px !important;border-bottom-width: 0px !important;border-left-width: 0px !important;padding-top: 0px !important;padding-right: 0px !important;padding-bottom: 0px !important;padding-left: -20px !important;border-radius: 10px !important;}&#8221;][vc_column css=&#8221;.vc_custom_1695763201951{padding-top: 0px !important;padding-right: 0px !important;padding-bottom: 0px !important;padding-left: 0px !important;}&#8221;]\t\t<div class=\"ts-single-image ts-effect-image ts-aligncenter no-eff ts-single-image-1 \">\n\t\t\t<div class=\"ts-shortcode-custom-style hidden\">.ts-single-image-1:hover .overlay{background-color:#ffffff}<\/div>\t\t\t<a title=\"\" target=\"_self\" class=\"image-link\" href=\"\" >\n\t\t\t\t<img loading=\"lazy\" decoding=\"async\" width=\"2480\" height=\"3988\" src=\"https:\/\/r-requiposmedicos.com\/wp-content\/uploads\/2023\/05\/FICHA-TECNICAS-OBTURADOR-HEPARIN-CAP-VALEMEDIC\u00ae-1.png\" class=\"img\" alt=\"\" srcset=\"https:\/\/r-requiposmedicos.com\/wp-content\/uploads\/2023\/05\/FICHA-TECNICAS-OBTURADOR-HEPARIN-CAP-VALEMEDIC\u00ae-1.png 2480w, https:\/\/r-requiposmedicos.com\/wp-content\/uploads\/2023\/05\/FICHA-TECNICAS-OBTURADOR-HEPARIN-CAP-VALEMEDIC\u00ae-1-187x300.png 187w, https:\/\/r-requiposmedicos.com\/wp-content\/uploads\/2023\/05\/FICHA-TECNICAS-OBTURADOR-HEPARIN-CAP-VALEMEDIC\u00ae-1-637x1024.png 637w, https:\/\/r-requiposmedicos.com\/wp-content\/uploads\/2023\/05\/FICHA-TECNICAS-OBTURADOR-HEPARIN-CAP-VALEMEDIC\u00ae-1-768x1235.png 768w, https:\/\/r-requiposmedicos.com\/wp-content\/uploads\/2023\/05\/FICHA-TECNICAS-OBTURADOR-HEPARIN-CAP-VALEMEDIC\u00ae-1-955x1536.png 955w, https:\/\/r-requiposmedicos.com\/wp-content\/uploads\/2023\/05\/FICHA-TECNICAS-OBTURADOR-HEPARIN-CAP-VALEMEDIC\u00ae-1-1274x2048.png 1274w, https:\/\/r-requiposmedicos.com\/wp-content\/uploads\/2023\/05\/FICHA-TECNICAS-OBTURADOR-HEPARIN-CAP-VALEMEDIC\u00ae-1-800x1286.png 800w, https:\/\/r-requiposmedicos.com\/wp-content\/uploads\/2023\/05\/FICHA-TECNICAS-OBTURADOR-HEPARIN-CAP-VALEMEDIC\u00ae-1-310x499.png 310w\" sizes=\"auto, (max-width: 2480px) 100vw, 2480px\" \/>\t\t\t\t<span class=\"overlay\"><\/span>\n\t\t\t<\/a>\n\t\t<\/div>\n\t\t[\/vc_column][\/vc_row]<\/p>\n<\/section>","protected":false},"excerpt":{"rendered":"<ul class=\"ul-style check\">\n<li>tap\u00f3n de goma sint\u00e9tica con punto de inyecci\u00f3n<\/li>\n<li>Sistema Luer Lock para mayor seguridad.<\/li>\n<li>Pl\u00e1stico PVC de grado m\u00e9dico con excelente Biocompatibilidad.<\/li>\n<li>Est\u00e9ril, no t\u00f3xico<\/li>\n<\/ul>\n","protected":false},"featured_media":20180,"comment_status":"open","ping_status":"closed","template":"","meta":{"bwfblock_default_font":""},"product_brand":[],"product_cat":[281],"product_tag":[286,285,147],"class_list":{"0":"post-18384","1":"product","2":"type-product","3":"status-publish","4":"has-post-thumbnail","6":"product_cat-suministros-medicos","7":"product_tag-amarillo","8":"product_tag-obturador","9":"product_tag-valemedic","10":"ts_product_brand-valemedic","12":"first","13":"instock","14":"taxable","15":"shipping-taxable","16":"purchasable","17":"product-type-simple"},"_links":{"self":[{"href":"https:\/\/r-requiposmedicos.com\/en\/wp-json\/wp\/v2\/product\/18384","targetHints":{"allow":["GET"]}}],"collection":[{"href":"https:\/\/r-requiposmedicos.com\/en\/wp-json\/wp\/v2\/product"}],"about":[{"href":"https:\/\/r-requiposmedicos.com\/en\/wp-json\/wp\/v2\/types\/product"}],"replies":[{"embeddable":true,"href":"https:\/\/r-requiposmedicos.com\/en\/wp-json\/wp\/v2\/comments?post=18384"}],"wp:featuredmedia":[{"embeddable":true,"href":"https:\/\/r-requiposmedicos.com\/en\/wp-json\/wp\/v2\/media\/20180"}],"wp:attachment":[{"href":"https:\/\/r-requiposmedicos.com\/en\/wp-json\/wp\/v2\/media?parent=18384"}],"wp:term":[{"taxonomy":"product_brand","embeddable":true,"href":"https:\/\/r-requiposmedicos.com\/en\/wp-json\/wp\/v2\/product_brand?post=18384"},{"taxonomy":"product_cat","embeddable":true,"href":"https:\/\/r-requiposmedicos.com\/en\/wp-json\/wp\/v2\/product_cat?post=18384"},{"taxonomy":"product_tag","embeddable":true,"href":"https:\/\/r-requiposmedicos.com\/en\/wp-json\/wp\/v2\/product_tag?post=18384"}],"curies":[{"name":"wp","href":"https:\/\/api.w.org\/{rel}","templated":true}]}}