{"id":18388,"date":"2023-05-04T16:32:30","date_gmt":"2023-05-04T20:32:30","guid":{"rendered":"http:\/\/r-requiposmedicos.com\/?post_type=product&#038;p=18388"},"modified":"2025-12-03T19:28:18","modified_gmt":"2025-12-03T23:28:18","slug":"oximetro-de-pulso-valemedic","status":"publish","type":"product","link":"https:\/\/r-requiposmedicos.com\/en\/oximetro-de-pulso-valemedic\/","title":{"rendered":"Ox\u00edmetro de Pulso"},"content":{"rendered":"","protected":false},"excerpt":{"rendered":"<ul class=\"ul-style check\">\n<li>Ahorra bater\u00eda.<\/li>\n<li>Operaci\u00f3n a un bot\u00f3n.<\/li>\n<li>Permite dos Par\u00e1metros de medici\u00f3n la velocidad de pulso y ox\u00edgeno en sangre SPO2, con alta precisi\u00f3n y dise\u00f1o compacto.<\/li>\n<\/ul>\n","protected":false},"featured_media":20171,"comment_status":"open","ping_status":"closed","template":"","meta":{"bwfblock_default_font":""},"product_brand":[],"product_cat":[199,204],"product_tag":[289,288,147],"class_list":{"0":"post-18388","1":"product","2":"type-product","3":"status-publish","4":"has-post-thumbnail","6":"product_cat-equipos-medicos","7":"product_cat-oximetros-equipos-medicos","8":"product_tag-equipo","9":"product_tag-oximetro","10":"product_tag-valemedic","11":"ts_product_brand-valemedic","13":"first","14":"outofstock","15":"taxable","16":"shipping-taxable","17":"purchasable","18":"product-type-simple"},"_links":{"self":[{"href":"https:\/\/r-requiposmedicos.com\/en\/wp-json\/wp\/v2\/product\/18388","targetHints":{"allow":["GET"]}}],"collection":[{"href":"https:\/\/r-requiposmedicos.com\/en\/wp-json\/wp\/v2\/product"}],"about":[{"href":"https:\/\/r-requiposmedicos.com\/en\/wp-json\/wp\/v2\/types\/product"}],"replies":[{"embeddable":true,"href":"https:\/\/r-requiposmedicos.com\/en\/wp-json\/wp\/v2\/comments?post=18388"}],"wp:featuredmedia":[{"embeddable":true,"href":"https:\/\/r-requiposmedicos.com\/en\/wp-json\/wp\/v2\/media\/20171"}],"wp:attachment":[{"href":"https:\/\/r-requiposmedicos.com\/en\/wp-json\/wp\/v2\/media?parent=18388"}],"wp:term":[{"taxonomy":"product_brand","embeddable":true,"href":"https:\/\/r-requiposmedicos.com\/en\/wp-json\/wp\/v2\/product_brand?post=18388"},{"taxonomy":"product_cat","embeddable":true,"href":"https:\/\/r-requiposmedicos.com\/en\/wp-json\/wp\/v2\/product_cat?post=18388"},{"taxonomy":"product_tag","embeddable":true,"href":"https:\/\/r-requiposmedicos.com\/en\/wp-json\/wp\/v2\/product_tag?post=18388"}],"curies":[{"name":"wp","href":"https:\/\/api.w.org\/{rel}","templated":true}]}}