{"id":18393,"date":"2023-05-04T17:02:10","date_gmt":"2023-05-04T21:02:10","guid":{"rendered":"http:\/\/r-requiposmedicos.com\/?post_type=product&#038;p=18393"},"modified":"2025-12-03T19:23:07","modified_gmt":"2025-12-03T23:23:07","slug":"nebulizador-premium-valemedic","status":"publish","type":"product","link":"https:\/\/r-requiposmedicos.com\/en\/nebulizador-premium-valemedic\/","title":{"rendered":"Nebulizador Premium"},"content":{"rendered":"<h2>Nebulizador Premium | VALEMEDIC\u00ae<img loading=\"lazy\" decoding=\"async\" class=\"wp-image-19517 alignright\" src=\"https:\/\/r-requiposmedicos.com\/wp-content\/uploads\/2023\/05\/NEBUPARTS-300x208.png\" alt=\"\" width=\"436\" height=\"302\" srcset=\"https:\/\/r-requiposmedicos.com\/wp-content\/uploads\/2023\/05\/NEBUPARTS-300x208.png 300w, https:\/\/r-requiposmedicos.com\/wp-content\/uploads\/2023\/05\/NEBUPARTS-1024x709.png 1024w, https:\/\/r-requiposmedicos.com\/wp-content\/uploads\/2023\/05\/NEBUPARTS-768x532.png 768w, https:\/\/r-requiposmedicos.com\/wp-content\/uploads\/2023\/05\/NEBUPARTS-800x554.png 800w, https:\/\/r-requiposmedicos.com\/wp-content\/uploads\/2023\/05\/NEBUPARTS-310x215.png 310w, https:\/\/r-requiposmedicos.com\/wp-content\/uploads\/2023\/05\/NEBUPARTS.png 1139w\" sizes=\"auto, (max-width: 436px) 100vw, 436px\" \/><\/h2>\n<h3>Incluye:<\/h3>\n<ul>\n<li>Compresor Nebulizador Premium.<\/li>\n<li>Mascarilla de Nebulizaci\u00f3n adulto y pedi\u00e1trico.<\/li>\n<li>Taza de Medicina.<\/li>\n<li>Boquilla.<\/li>\n<li>Filtros de aire.<\/li>\n<li>Cable de Alimentaci\u00f3n.<\/li>\n<\/ul>\n","protected":false},"excerpt":{"rendered":"<ul class=\"ul-style check\">\n<li>Ligero y Port\u00e1til.<\/li>\n<li>Ruido bajo.<\/li>\n<li>Seguro para uso continuo.<\/li>\n<li>F\u00e1cil de limpiar y operaci\u00f3n a un bot\u00f3n.<\/li>\n<\/ul>\n","protected":false},"featured_media":20151,"comment_status":"open","ping_status":"closed","template":"","meta":{"bwfblock_default_font":""},"product_brand":[],"product_cat":[199,200],"product_tag":[295,297,147],"class_list":{"0":"post-18393","1":"product","2":"type-product","3":"status-publish","4":"has-post-thumbnail","6":"product_cat-equipos-medicos","7":"product_cat-nebulizadores-equipos-medicos","8":"product_tag-nebulizadores","9":"product_tag-premium","10":"product_tag-valemedic","11":"ts_product_brand-valemedic","13":"first","14":"instock","15":"taxable","16":"shipping-taxable","17":"purchasable","18":"product-type-simple"},"_links":{"self":[{"href":"https:\/\/r-requiposmedicos.com\/en\/wp-json\/wp\/v2\/product\/18393","targetHints":{"allow":["GET"]}}],"collection":[{"href":"https:\/\/r-requiposmedicos.com\/en\/wp-json\/wp\/v2\/product"}],"about":[{"href":"https:\/\/r-requiposmedicos.com\/en\/wp-json\/wp\/v2\/types\/product"}],"replies":[{"embeddable":true,"href":"https:\/\/r-requiposmedicos.com\/en\/wp-json\/wp\/v2\/comments?post=18393"}],"wp:featuredmedia":[{"embeddable":true,"href":"https:\/\/r-requiposmedicos.com\/en\/wp-json\/wp\/v2\/media\/20151"}],"wp:attachment":[{"href":"https:\/\/r-requiposmedicos.com\/en\/wp-json\/wp\/v2\/media?parent=18393"}],"wp:term":[{"taxonomy":"product_brand","embeddable":true,"href":"https:\/\/r-requiposmedicos.com\/en\/wp-json\/wp\/v2\/product_brand?post=18393"},{"taxonomy":"product_cat","embeddable":true,"href":"https:\/\/r-requiposmedicos.com\/en\/wp-json\/wp\/v2\/product_cat?post=18393"},{"taxonomy":"product_tag","embeddable":true,"href":"https:\/\/r-requiposmedicos.com\/en\/wp-json\/wp\/v2\/product_tag?post=18393"}],"curies":[{"name":"wp","href":"https:\/\/api.w.org\/{rel}","templated":true}]}}