{"id":18431,"date":"2023-05-04T21:43:05","date_gmt":"2023-05-05T01:43:05","guid":{"rendered":"http:\/\/r-requiposmedicos.com\/?post_type=product&#038;p=18431"},"modified":"2025-12-03T18:44:21","modified_gmt":"2025-12-03T22:44:21","slug":"rollo-de-algodon-absorbente-500gr-valemedic","status":"publish","type":"product","link":"https:\/\/r-requiposmedicos.com\/en\/rollo-de-algodon-absorbente-500gr-valemedic\/","title":{"rendered":"Rollo de Algod\u00f3n Absorbente 500gr"},"content":{"rendered":"","protected":false},"excerpt":{"rendered":"<ul class=\"ul-style check\">\n<li>As\u00e9ptico no est\u00e9ril libre de g\u00e9rmenes que puedan provocar una infecci\u00f3n.<\/li>\n<li>Algod\u00f3n hidr\u00f3filo para m\u00e1xima absorci\u00f3n de l\u00edquidos.<\/li>\n<li>100% algod\u00f3n de alta calidad.<\/li>\n<\/ul>\n","protected":false},"featured_media":20105,"comment_status":"open","ping_status":"closed","template":"","meta":{"bwfblock_default_font":""},"product_brand":[],"product_cat":[328],"product_tag":[],"class_list":{"0":"post-18431","1":"product","2":"type-product","3":"status-publish","4":"has-post-thumbnail","6":"product_cat-compresa-vendas-algodon","7":"ts_product_brand-valemedic","9":"first","10":"instock","11":"taxable","12":"shipping-taxable","13":"purchasable","14":"product-type-simple"},"_links":{"self":[{"href":"https:\/\/r-requiposmedicos.com\/en\/wp-json\/wp\/v2\/product\/18431","targetHints":{"allow":["GET"]}}],"collection":[{"href":"https:\/\/r-requiposmedicos.com\/en\/wp-json\/wp\/v2\/product"}],"about":[{"href":"https:\/\/r-requiposmedicos.com\/en\/wp-json\/wp\/v2\/types\/product"}],"replies":[{"embeddable":true,"href":"https:\/\/r-requiposmedicos.com\/en\/wp-json\/wp\/v2\/comments?post=18431"}],"wp:featuredmedia":[{"embeddable":true,"href":"https:\/\/r-requiposmedicos.com\/en\/wp-json\/wp\/v2\/media\/20105"}],"wp:attachment":[{"href":"https:\/\/r-requiposmedicos.com\/en\/wp-json\/wp\/v2\/media?parent=18431"}],"wp:term":[{"taxonomy":"product_brand","embeddable":true,"href":"https:\/\/r-requiposmedicos.com\/en\/wp-json\/wp\/v2\/product_brand?post=18431"},{"taxonomy":"product_cat","embeddable":true,"href":"https:\/\/r-requiposmedicos.com\/en\/wp-json\/wp\/v2\/product_cat?post=18431"},{"taxonomy":"product_tag","embeddable":true,"href":"https:\/\/r-requiposmedicos.com\/en\/wp-json\/wp\/v2\/product_tag?post=18431"}],"curies":[{"name":"wp","href":"https:\/\/api.w.org\/{rel}","templated":true}]}}