{"id":19945,"date":"2024-09-16T16:02:33","date_gmt":"2024-09-16T20:02:33","guid":{"rendered":"https:\/\/r-requiposmedicos.com\/?post_type=product&#038;p=19945"},"modified":"2025-11-28T14:09:56","modified_gmt":"2025-11-28T18:09:56","slug":"sutura-quirurgica-absorbible-catgut-cromico","status":"publish","type":"product","link":"https:\/\/r-requiposmedicos.com\/en\/sutura-quirurgica-absorbible-catgut-cromico\/","title":{"rendered":"Sutura Quir\u00fargica Absorbible &#8211; C\u00e1tgut Cr\u00f3mico"},"content":{"rendered":"","protected":false},"excerpt":{"rendered":"<ul class=\"ul-style check\">\n<li><strong>Absorbibilidad Controlada:<\/strong> El catgut cr\u00f3mico se descompone gradualmente en el cuerpo, lo que permite una cicatrizaci\u00f3n adecuada sin necesidad de retirar las suturas.<\/li>\n<li><strong>Resistencia Mejorada:<\/strong> Gracias al proceso de cromado, esta sutura ofrece mayor resistencia a la tracci\u00f3n durante el per\u00edodo de absorci\u00f3n.<\/li>\n<li><strong>Est\u00e9ril &#8211; libre de l\u00e1tex<\/strong> &#8211; Libre de pirogenos.<\/li>\n<li>Permiso Sanitario y SENCAMER.<\/li>\n<\/ul>\n","protected":false},"featured_media":20028,"comment_status":"open","ping_status":"closed","template":"","meta":{"bwfblock_default_font":""},"product_brand":[],"product_cat":[281],"product_tag":[448,449,447,147],"class_list":{"0":"post-19945","1":"product","2":"type-product","3":"status-publish","4":"has-post-thumbnail","6":"product_cat-suministros-medicos","7":"product_tag-catgut","8":"product_tag-cromico","9":"product_tag-sutura","10":"product_tag-valemedic","11":"ts_product_brand-valemedic","13":"first","14":"outofstock","15":"taxable","16":"shipping-taxable","17":"purchasable","18":"product-type-simple"},"_links":{"self":[{"href":"https:\/\/r-requiposmedicos.com\/en\/wp-json\/wp\/v2\/product\/19945","targetHints":{"allow":["GET"]}}],"collection":[{"href":"https:\/\/r-requiposmedicos.com\/en\/wp-json\/wp\/v2\/product"}],"about":[{"href":"https:\/\/r-requiposmedicos.com\/en\/wp-json\/wp\/v2\/types\/product"}],"replies":[{"embeddable":true,"href":"https:\/\/r-requiposmedicos.com\/en\/wp-json\/wp\/v2\/comments?post=19945"}],"wp:featuredmedia":[{"embeddable":true,"href":"https:\/\/r-requiposmedicos.com\/en\/wp-json\/wp\/v2\/media\/20028"}],"wp:attachment":[{"href":"https:\/\/r-requiposmedicos.com\/en\/wp-json\/wp\/v2\/media?parent=19945"}],"wp:term":[{"taxonomy":"product_brand","embeddable":true,"href":"https:\/\/r-requiposmedicos.com\/en\/wp-json\/wp\/v2\/product_brand?post=19945"},{"taxonomy":"product_cat","embeddable":true,"href":"https:\/\/r-requiposmedicos.com\/en\/wp-json\/wp\/v2\/product_cat?post=19945"},{"taxonomy":"product_tag","embeddable":true,"href":"https:\/\/r-requiposmedicos.com\/en\/wp-json\/wp\/v2\/product_tag?post=19945"}],"curies":[{"name":"wp","href":"https:\/\/api.w.org\/{rel}","templated":true}]}}