{"id":19947,"date":"2024-09-16T16:30:10","date_gmt":"2024-09-16T20:30:10","guid":{"rendered":"https:\/\/r-requiposmedicos.com\/?post_type=product&#038;p=19947"},"modified":"2025-11-28T14:05:22","modified_gmt":"2025-11-28T18:05:22","slug":"sutura-quirurgica-no-absorbible-seda","status":"publish","type":"product","link":"https:\/\/r-requiposmedicos.com\/en\/sutura-quirurgica-no-absorbible-seda\/","title":{"rendered":"Sutura Quir\u00fargica No Absorbible &#8211; Seda"},"content":{"rendered":"","protected":false},"excerpt":{"rendered":"<ul class=\"ul-style check\">\n<li><strong>Extrema flexibilidad:<\/strong> La sutura de seda trenzada es altamente flexible y f\u00e1cil de manejar.<\/li>\n<li><strong>Excelente resistencia al nudo:<\/strong> Permite una sujeci\u00f3n segura en la cirug\u00eda.<\/li>\n<li><strong>Amplio Uso:<\/strong> Indicada para cierre de la piel, cirug\u00eda general, cirug\u00eda pl\u00e1stica y procedimientos oftalmol\u00f3gicos.<\/li>\n<li><strong>Est\u00e9ril &#8211; libre de l\u00e1tex<\/strong> &#8211; Libre de pirogenos.<\/li>\n<li>Permiso Sanitario y SENCAMER.<\/li>\n<\/ul>\n","protected":false},"featured_media":20025,"comment_status":"open","ping_status":"closed","template":"","meta":{"bwfblock_default_font":""},"product_brand":[],"product_cat":[281],"product_tag":[453,451,447,452,147],"class_list":{"0":"post-19947","1":"product","2":"type-product","3":"status-publish","4":"has-post-thumbnail","6":"product_cat-suministros-medicos","7":"product_tag-no-absorbible","8":"product_tag-seda","9":"product_tag-sutura","10":"product_tag-trenzado","11":"product_tag-valemedic","12":"ts_product_brand-valemedic","14":"first","15":"outofstock","16":"taxable","17":"shipping-taxable","18":"purchasable","19":"product-type-simple"},"_links":{"self":[{"href":"https:\/\/r-requiposmedicos.com\/en\/wp-json\/wp\/v2\/product\/19947","targetHints":{"allow":["GET"]}}],"collection":[{"href":"https:\/\/r-requiposmedicos.com\/en\/wp-json\/wp\/v2\/product"}],"about":[{"href":"https:\/\/r-requiposmedicos.com\/en\/wp-json\/wp\/v2\/types\/product"}],"replies":[{"embeddable":true,"href":"https:\/\/r-requiposmedicos.com\/en\/wp-json\/wp\/v2\/comments?post=19947"}],"wp:featuredmedia":[{"embeddable":true,"href":"https:\/\/r-requiposmedicos.com\/en\/wp-json\/wp\/v2\/media\/20025"}],"wp:attachment":[{"href":"https:\/\/r-requiposmedicos.com\/en\/wp-json\/wp\/v2\/media?parent=19947"}],"wp:term":[{"taxonomy":"product_brand","embeddable":true,"href":"https:\/\/r-requiposmedicos.com\/en\/wp-json\/wp\/v2\/product_brand?post=19947"},{"taxonomy":"product_cat","embeddable":true,"href":"https:\/\/r-requiposmedicos.com\/en\/wp-json\/wp\/v2\/product_cat?post=19947"},{"taxonomy":"product_tag","embeddable":true,"href":"https:\/\/r-requiposmedicos.com\/en\/wp-json\/wp\/v2\/product_tag?post=19947"}],"curies":[{"name":"wp","href":"https:\/\/api.w.org\/{rel}","templated":true}]}}