{"id":19951,"date":"2024-09-16T17:03:15","date_gmt":"2024-09-16T21:03:15","guid":{"rendered":"https:\/\/r-requiposmedicos.com\/?post_type=product&#038;p=19951"},"modified":"2025-11-28T13:40:40","modified_gmt":"2025-11-28T17:40:40","slug":"sutura-quirurgica-absorbible-poliglactina-910","status":"publish","type":"product","link":"https:\/\/r-requiposmedicos.com\/en\/sutura-quirurgica-absorbible-poliglactina-910\/","title":{"rendered":"Sutura Quir\u00fargica Absorbible &#8211; Poliglactina 910"},"content":{"rendered":"","protected":false},"excerpt":{"rendered":"<ul class=\"ul-style check\">\n<li><strong>-La sutura quir\u00fargica de \u00c1cido Polil\u00e1ctico-co-glic\u00f3lico (PGLA):<\/strong> Es un dispositivo m\u00e9dico absorbible y sint\u00e9tico, compuesta por un copol\u00edmero sintetizado a partir de un 90% de glic\u00f3lido y un 10% de L-l\u00e1ctido (derivados de los \u00e1cidos glic\u00f3lido y l\u00e1ctido).<\/li>\n<li><strong>Absorbibilidad Controlada:<\/strong> Permite una cicatrizaci\u00f3n adecuada sin necesidad de retirar las suturas. La absorci\u00f3n ocurre mediante hidr\u00f3lisis, y la sutura se reabsorbe completamente en aproximadamente 60 a 90 d\u00edas.<\/li>\n<li><strong>Resistencia Mejorada:<\/strong> Ofrece una buena resistencia a la tracci\u00f3n, esto es importante para mantener la integridad de la sutura durante el proceso de cicatrizaci\u00f3n.<\/li>\n<li><strong>Est\u00e9ril &#8211; libre de l\u00e1tex<\/strong> &#8211; Libre de pirogenos.<\/li>\n<li>Permiso Sanitario y SENCAMER.<\/li>\n<\/ul>\n","protected":false},"featured_media":20020,"comment_status":"open","ping_status":"closed","template":"","meta":{"bwfblock_default_font":""},"product_brand":[],"product_cat":[281],"product_tag":[455,460,459,447,147],"class_list":{"0":"post-19951","1":"product","2":"type-product","3":"status-publish","4":"has-post-thumbnail","6":"product_cat-suministros-medicos","7":"product_tag-absorbible","8":"product_tag-pgla","9":"product_tag-poliglactina","10":"product_tag-sutura","11":"product_tag-valemedic","12":"ts_product_brand-valemedic","14":"first","15":"outofstock","16":"taxable","17":"shipping-taxable","18":"purchasable","19":"product-type-simple"},"_links":{"self":[{"href":"https:\/\/r-requiposmedicos.com\/en\/wp-json\/wp\/v2\/product\/19951","targetHints":{"allow":["GET"]}}],"collection":[{"href":"https:\/\/r-requiposmedicos.com\/en\/wp-json\/wp\/v2\/product"}],"about":[{"href":"https:\/\/r-requiposmedicos.com\/en\/wp-json\/wp\/v2\/types\/product"}],"replies":[{"embeddable":true,"href":"https:\/\/r-requiposmedicos.com\/en\/wp-json\/wp\/v2\/comments?post=19951"}],"wp:featuredmedia":[{"embeddable":true,"href":"https:\/\/r-requiposmedicos.com\/en\/wp-json\/wp\/v2\/media\/20020"}],"wp:attachment":[{"href":"https:\/\/r-requiposmedicos.com\/en\/wp-json\/wp\/v2\/media?parent=19951"}],"wp:term":[{"taxonomy":"product_brand","embeddable":true,"href":"https:\/\/r-requiposmedicos.com\/en\/wp-json\/wp\/v2\/product_brand?post=19951"},{"taxonomy":"product_cat","embeddable":true,"href":"https:\/\/r-requiposmedicos.com\/en\/wp-json\/wp\/v2\/product_cat?post=19951"},{"taxonomy":"product_tag","embeddable":true,"href":"https:\/\/r-requiposmedicos.com\/en\/wp-json\/wp\/v2\/product_tag?post=19951"}],"curies":[{"name":"wp","href":"https:\/\/api.w.org\/{rel}","templated":true}]}}