{"id":19952,"date":"2024-09-16T17:08:04","date_gmt":"2024-09-16T21:08:04","guid":{"rendered":"https:\/\/r-requiposmedicos.com\/?post_type=product&#038;p=19952"},"modified":"2025-11-28T14:17:57","modified_gmt":"2025-11-28T18:17:57","slug":"sutura-quirurgica-no-absorbible-polipropileno","status":"publish","type":"product","link":"https:\/\/r-requiposmedicos.com\/en\/sutura-quirurgica-no-absorbible-polipropileno\/","title":{"rendered":"Sutura Quir\u00fargica No Absorbible &#8211; Polipropileno"},"content":{"rendered":"","protected":false},"excerpt":{"rendered":"<ul class=\"ul-style check\">\n<li><strong>Resistencia Mejorada:<\/strong> Esta sutura ofrece una mayor resistencia a la tracci\u00f3n. El material utilizado para realizar la sutura es resistente a la colonizaci\u00f3n de bacterias.<\/li>\n<li><strong>Versatilidad:<\/strong> La sutura de polipropileno est\u00e1 indicada para Cardiovascular, Cierre General, Hernioraf\u00eda, Cirug\u00eda Pl\u00e1stica\/Reconstructiva, Urolog\u00eda y Pediatr\u00eda.<\/li>\n<li><strong>Est\u00e9ril &#8211; libre de l\u00e1tex<\/strong> &#8211; Libre de pirogenos.<\/li>\n<li>Permiso Sanitario y SENCAMER.<\/li>\n<\/ul>\n","protected":false},"featured_media":20018,"comment_status":"open","ping_status":"closed","template":"","meta":{"bwfblock_default_font":""},"product_brand":[],"product_cat":[281],"product_tag":[461,453,447,147],"class_list":{"0":"post-19952","1":"product","2":"type-product","3":"status-publish","4":"has-post-thumbnail","6":"product_cat-suministros-medicos","7":"product_tag-monopropileno","8":"product_tag-no-absorbible","9":"product_tag-sutura","10":"product_tag-valemedic","11":"ts_product_brand-valemedic","13":"first","14":"outofstock","15":"taxable","16":"shipping-taxable","17":"purchasable","18":"product-type-simple"},"_links":{"self":[{"href":"https:\/\/r-requiposmedicos.com\/en\/wp-json\/wp\/v2\/product\/19952","targetHints":{"allow":["GET"]}}],"collection":[{"href":"https:\/\/r-requiposmedicos.com\/en\/wp-json\/wp\/v2\/product"}],"about":[{"href":"https:\/\/r-requiposmedicos.com\/en\/wp-json\/wp\/v2\/types\/product"}],"replies":[{"embeddable":true,"href":"https:\/\/r-requiposmedicos.com\/en\/wp-json\/wp\/v2\/comments?post=19952"}],"wp:featuredmedia":[{"embeddable":true,"href":"https:\/\/r-requiposmedicos.com\/en\/wp-json\/wp\/v2\/media\/20018"}],"wp:attachment":[{"href":"https:\/\/r-requiposmedicos.com\/en\/wp-json\/wp\/v2\/media?parent=19952"}],"wp:term":[{"taxonomy":"product_brand","embeddable":true,"href":"https:\/\/r-requiposmedicos.com\/en\/wp-json\/wp\/v2\/product_brand?post=19952"},{"taxonomy":"product_cat","embeddable":true,"href":"https:\/\/r-requiposmedicos.com\/en\/wp-json\/wp\/v2\/product_cat?post=19952"},{"taxonomy":"product_tag","embeddable":true,"href":"https:\/\/r-requiposmedicos.com\/en\/wp-json\/wp\/v2\/product_tag?post=19952"}],"curies":[{"name":"wp","href":"https:\/\/api.w.org\/{rel}","templated":true}]}}